{"id":60483,"date":"2019-08-30T22:02:11","date_gmt":"2019-08-30T22:02:11","guid":{"rendered":"https:\/\/rondably.com\/contact\/"},"modified":"2024-04-11T14:01:27","modified_gmt":"2024-04-11T18:01:27","slug":"contact","status":"publish","type":"page","link":"https:\/\/rondably.com\/fr\/contact\/","title":{"rendered":"Contact"},"content":{"rendered":"\t\t<div data-elementor-type=\"wp-page\" data-elementor-id=\"60483\" class=\"elementor elementor-60483 elementor-24681\" data-elementor-settings=\"{&quot;element_pack_global_tooltip_width&quot;:{&quot;unit&quot;:&quot;px&quot;,&quot;size&quot;:&quot;&quot;,&quot;sizes&quot;:[]},&quot;element_pack_global_tooltip_width_tablet_extra&quot;:{&quot;unit&quot;:&quot;px&quot;,&quot;size&quot;:&quot;&quot;,&quot;sizes&quot;:[]},&quot;element_pack_global_tooltip_width_tablet&quot;:{&quot;unit&quot;:&quot;px&quot;,&quot;size&quot;:&quot;&quot;,&quot;sizes&quot;:[]},&quot;element_pack_global_tooltip_width_mobile_extra&quot;:{&quot;unit&quot;:&quot;px&quot;,&quot;size&quot;:&quot;&quot;,&quot;sizes&quot;:[]},&quot;element_pack_global_tooltip_width_mobile&quot;:{&quot;unit&quot;:&quot;px&quot;,&quot;size&quot;:&quot;&quot;,&quot;sizes&quot;:[]},&quot;element_pack_global_tooltip_padding&quot;:{&quot;unit&quot;:&quot;px&quot;,&quot;top&quot;:&quot;&quot;,&quot;right&quot;:&quot;&quot;,&quot;bottom&quot;:&quot;&quot;,&quot;left&quot;:&quot;&quot;,&quot;isLinked&quot;:true},&quot;element_pack_global_tooltip_padding_tablet_extra&quot;:{&quot;unit&quot;:&quot;px&quot;,&quot;top&quot;:&quot;&quot;,&quot;right&quot;:&quot;&quot;,&quot;bottom&quot;:&quot;&quot;,&quot;left&quot;:&quot;&quot;,&quot;isLinked&quot;:true},&quot;element_pack_global_tooltip_padding_tablet&quot;:{&quot;unit&quot;:&quot;px&quot;,&quot;top&quot;:&quot;&quot;,&quot;right&quot;:&quot;&quot;,&quot;bottom&quot;:&quot;&quot;,&quot;left&quot;:&quot;&quot;,&quot;isLinked&quot;:true},&quot;element_pack_global_tooltip_padding_mobile_extra&quot;:{&quot;unit&quot;:&quot;px&quot;,&quot;top&quot;:&quot;&quot;,&quot;right&quot;:&quot;&quot;,&quot;bottom&quot;:&quot;&quot;,&quot;left&quot;:&quot;&quot;,&quot;isLinked&quot;:true},&quot;element_pack_global_tooltip_padding_mobile&quot;:{&quot;unit&quot;:&quot;px&quot;,&quot;top&quot;:&quot;&quot;,&quot;right&quot;:&quot;&quot;,&quot;bottom&quot;:&quot;&quot;,&quot;left&quot;:&quot;&quot;,&quot;isLinked&quot;:true},&quot;element_pack_global_tooltip_border_radius&quot;:{&quot;unit&quot;:&quot;px&quot;,&quot;top&quot;:&quot;&quot;,&quot;right&quot;:&quot;&quot;,&quot;bottom&quot;:&quot;&quot;,&quot;left&quot;:&quot;&quot;,&quot;isLinked&quot;:true},&quot;element_pack_global_tooltip_border_radius_tablet_extra&quot;:{&quot;unit&quot;:&quot;px&quot;,&quot;top&quot;:&quot;&quot;,&quot;right&quot;:&quot;&quot;,&quot;bottom&quot;:&quot;&quot;,&quot;left&quot;:&quot;&quot;,&quot;isLinked&quot;:true},&quot;element_pack_global_tooltip_border_radius_tablet&quot;:{&quot;unit&quot;:&quot;px&quot;,&quot;top&quot;:&quot;&quot;,&quot;right&quot;:&quot;&quot;,&quot;bottom&quot;:&quot;&quot;,&quot;left&quot;:&quot;&quot;,&quot;isLinked&quot;:true},&quot;element_pack_global_tooltip_border_radius_mobile_extra&quot;:{&quot;unit&quot;:&quot;px&quot;,&quot;top&quot;:&quot;&quot;,&quot;right&quot;:&quot;&quot;,&quot;bottom&quot;:&quot;&quot;,&quot;left&quot;:&quot;&quot;,&quot;isLinked&quot;:true},&quot;element_pack_global_tooltip_border_radius_mobile&quot;:{&quot;unit&quot;:&quot;px&quot;,&quot;top&quot;:&quot;&quot;,&quot;right&quot;:&quot;&quot;,&quot;bottom&quot;:&quot;&quot;,&quot;left&quot;:&quot;&quot;,&quot;isLinked&quot;:true}}\" data-elementor-post-type=\"page\">\n\t\t\t\t<div data-particle_enable=\"false\" data-particle-mobile-disabled=\"false\" class=\"elementor-element elementor-element-0e9a497 e-flex e-con-boxed e-con e-parent\" data-id=\"0e9a497\" data-element_type=\"container\" data-e-type=\"container\" data-settings=\"{&quot;background_background&quot;:&quot;classic&quot;}\">\n\t\t\t\t\t<div class=\"e-con-inner\">\n\t\t<div data-particle_enable=\"false\" data-particle-mobile-disabled=\"false\" class=\"elementor-element elementor-element-4acf1c4 e-con-full e-flex e-con e-child\" data-id=\"4acf1c4\" data-element_type=\"container\" data-e-type=\"container\">\n\t\t\t\t<div class=\"elementor-element elementor-element-5c0abd3 elementor-widget elementor-widget-heading\" data-id=\"5c0abd3\" data-element_type=\"widget\" data-e-type=\"widget\" data-widget_type=\"heading.default\">\n\t\t\t\t<div class=\"elementor-widget-container\">\n\t\t\t\t\t<h1 class=\"elementor-heading-title elementor-size-default\">Contactez Ronda Bly<\/h1>\t\t\t\t<\/div>\n\t\t\t\t<\/div>\n\t\t\t\t<\/div>\n\t\t\t\t\t<\/div>\n\t\t\t\t<\/div>\n\t\t<div data-particle_enable=\"false\" data-particle-mobile-disabled=\"false\" class=\"elementor-element elementor-element-46ec87e1 e-con-full e-flex e-con e-parent\" data-id=\"46ec87e1\" data-element_type=\"container\" data-e-type=\"container\" data-settings=\"{&quot;background_background&quot;:&quot;classic&quot;}\">\n\t\t<div data-particle_enable=\"false\" data-particle-mobile-disabled=\"false\" class=\"elementor-element elementor-element-30753d3c e-flex e-con-boxed e-con e-child\" data-id=\"30753d3c\" data-element_type=\"container\" data-e-type=\"container\">\n\t\t\t\t\t<div class=\"e-con-inner\">\n\t\t\t\t<div class=\"elementor-element elementor-element-718d5ca1 elementor-widget elementor-widget-heading\" data-id=\"718d5ca1\" data-element_type=\"widget\" data-e-type=\"widget\" data-widget_type=\"heading.default\">\n\t\t\t\t<div class=\"elementor-widget-container\">\n\t\t\t\t\t<h3 class=\"elementor-heading-title elementor-size-default\">Abonnez-vous \u00e0 notre infolettre<\/h3>\t\t\t\t<\/div>\n\t\t\t\t<\/div>\n\t\t\t\t<div class=\"elementor-element elementor-element-7258fd2e elementor-mobile_extra-button-align-center elementor-button-align-stretch elementor-widget elementor-widget-form\" data-id=\"7258fd2e\" data-element_type=\"widget\" data-e-type=\"widget\" data-settings=\"{&quot;button_width&quot;:&quot;20&quot;,&quot;step_next_label&quot;:&quot;Suivant&quot;,&quot;step_previous_label&quot;:&quot;Pr\\u00e9c\\u00e9dent&quot;,&quot;button_width_tablet&quot;:&quot;20&quot;,&quot;step_type&quot;:&quot;number_text&quot;,&quot;step_icon_shape&quot;:&quot;circle&quot;}\" data-widget_type=\"form.default\">\n\t\t\t\t<div class=\"elementor-widget-container\">\n\t\t\t\t\t\t\t<form class=\"elementor-form\" method=\"post\" name=\"New Form\" aria-label=\"New Form\">\n\t\t\t<input type=\"hidden\" name=\"post_id\" value=\"60483\"\/>\n\t\t\t<input type=\"hidden\" name=\"form_id\" value=\"7258fd2e\"\/>\n\t\t\t<input type=\"hidden\" name=\"referer_title\" value=\"Contact | Ronda Bly Ventes de Succession et \u00c9valuations \u00e0 Montr\u00e9al\" \/>\n\n\t\t\t\t\t\t\t<input type=\"hidden\" name=\"queried_id\" value=\"60483\"\/>\n\t\t\t\n\t\t\t<div class=\"elementor-form-fields-wrapper elementor-labels-\">\n\t\t\t\t\t\t\t\t<div class=\"elementor-field-type-text elementor-field-group elementor-column elementor-field-group-field_e071a7e elementor-col-40 elementor-md-40 elementor-field-required\">\n\t\t\t\t\t\t\t\t\t\t\t\t<label for=\"form-field-field_e071a7e\" class=\"elementor-field-label elementor-screen-only\">\n\t\t\t\t\t\t\t\tNom\t\t\t\t\t\t\t<\/label>\n\t\t\t\t\t\t\t\t\t\t\t\t\t\t<input size=\"1\" type=\"text\" name=\"form_fields[field_e071a7e]\" id=\"form-field-field_e071a7e\" class=\"elementor-field elementor-size-sm  elementor-field-textual\" placeholder=\"Votre nom\" required=\"required\">\n\t\t\t\t\t\t\t\t\t\t\t<\/div>\n\t\t\t\t\t\t\t\t<div class=\"elementor-field-type-email elementor-field-group elementor-column elementor-field-group-email elementor-col-40 elementor-md-40 elementor-field-required\">\n\t\t\t\t\t\t\t\t\t\t\t\t<label for=\"form-field-email\" class=\"elementor-field-label elementor-screen-only\">\n\t\t\t\t\t\t\t\tEmail\t\t\t\t\t\t\t<\/label>\n\t\t\t\t\t\t\t\t\t\t\t\t\t\t<input size=\"1\" type=\"email\" name=\"form_fields[email]\" id=\"form-field-email\" class=\"elementor-field elementor-size-sm  elementor-field-textual\" placeholder=\"Votre courriel\" required=\"required\">\n\t\t\t\t\t\t\t\t\t\t\t<\/div>\n\t\t\t\t\t\t\t\t<div class=\"elementor-field-group elementor-column elementor-field-type-submit elementor-col-20 e-form__buttons elementor-md-20\">\n\t\t\t\t\t<button class=\"elementor-button elementor-size-sm\" type=\"submit\">\n\t\t\t\t\t\t<span class=\"elementor-button-content-wrapper\">\n\t\t\t\t\t\t\t\t\t\t\t\t\t\t\t\t\t\t\t\t\t\t<span class=\"elementor-button-text\">S'INSCRIRE<\/span>\n\t\t\t\t\t\t\t\t\t\t\t\t\t<\/span>\n\t\t\t\t\t<\/button>\n\t\t\t\t<\/div>\n\t\t\t<\/div>\n\t\t<\/form>\n\t\t\t\t\t\t<\/div>\n\t\t\t\t<\/div>\n\t\t\t\t\t<\/div>\n\t\t\t\t<\/div>\n\t\t\t\t<\/div>\n\t\t<div data-particle_enable=\"false\" data-particle-mobile-disabled=\"false\" class=\"elementor-element elementor-element-7650933 e-con-full e-flex e-con e-parent\" data-id=\"7650933\" data-element_type=\"container\" data-e-type=\"container\">\n\t\t<div data-particle_enable=\"false\" data-particle-mobile-disabled=\"false\" class=\"elementor-element elementor-element-620745c e-con-full e-flex e-con e-child\" data-id=\"620745c\" data-element_type=\"container\" data-e-type=\"container\">\n\t\t\t\t<div class=\"elementor-element elementor-element-df1c9f7 elementor-widget elementor-widget-text-editor\" data-id=\"df1c9f7\" data-element_type=\"widget\" data-e-type=\"widget\" data-widget_type=\"text-editor.default\">\n\t\t\t\t<div class=\"elementor-widget-container\">\n\t\t\t\t\t\t\t\t\tSi vous avez des questions sur nos services de vente de succession ou si vous souhaitez demander une consultation, n&#8217;h\u00e9sitez pas \u00e0 nous contacter. Vous pouvez soit remplir le formulaire ci-dessous ou nous appeler au (514) 236-4159. Un expert de notre \u00e9quipe se fera un plaisir de vous aider pour toute question que vous pourriez avoir concernant nos services, les d\u00e9lais, les frais ou tout autre aspect d&#8217;une vente de succession ou \u00e9valuation. Merci de consid\u00e9rer Ronda Bly pour vos besoins.\t\t\t\t\t\t\t\t<\/div>\n\t\t\t\t<\/div>\n\t\t<div data-particle_enable=\"false\" data-particle-mobile-disabled=\"false\" class=\"elementor-element elementor-element-38f988e e-con-full e-flex e-con e-child\" data-id=\"38f988e\" data-element_type=\"container\" data-e-type=\"container\">\n\t\t<div data-particle_enable=\"false\" data-particle-mobile-disabled=\"false\" class=\"elementor-element elementor-element-8bfabfa e-con-full e-flex e-con e-child\" data-id=\"8bfabfa\" data-element_type=\"container\" data-e-type=\"container\">\n\t\t\t\t<div class=\"elementor-element elementor-element-42eb3b9 elementor-button-align-stretch elementor-widget elementor-widget-form\" data-id=\"42eb3b9\" data-element_type=\"widget\" data-e-type=\"widget\" data-settings=\"{&quot;step_next_label&quot;:&quot;Suivant&quot;,&quot;step_previous_label&quot;:&quot;Pr\\u00e9c\\u00e9dent&quot;,&quot;button_width&quot;:&quot;100&quot;,&quot;step_type&quot;:&quot;number_text&quot;,&quot;step_icon_shape&quot;:&quot;circle&quot;}\" data-widget_type=\"form.default\">\n\t\t\t\t<div class=\"elementor-widget-container\">\n\t\t\t\t\t\t\t<form class=\"elementor-form\" method=\"post\" name=\"New Form\" aria-label=\"New Form\">\n\t\t\t<input type=\"hidden\" name=\"post_id\" value=\"60483\"\/>\n\t\t\t<input type=\"hidden\" name=\"form_id\" value=\"42eb3b9\"\/>\n\t\t\t<input type=\"hidden\" name=\"referer_title\" value=\"Contact | Ronda Bly Ventes de Succession et \u00c9valuations \u00e0 Montr\u00e9al\" \/>\n\n\t\t\t\t\t\t\t<input type=\"hidden\" name=\"queried_id\" value=\"60483\"\/>\n\t\t\t\n\t\t\t<div class=\"elementor-form-fields-wrapper elementor-labels-\">\n\t\t\t\t\t\t\t\t<div class=\"elementor-field-type-text elementor-field-group elementor-column elementor-field-group-name elementor-col-100\">\n\t\t\t\t\t\t\t\t\t\t\t\t<label for=\"form-field-name\" class=\"elementor-field-label elementor-screen-only\">\n\t\t\t\t\t\t\t\tNom\t\t\t\t\t\t\t<\/label>\n\t\t\t\t\t\t\t\t\t\t\t\t\t\t<input size=\"1\" type=\"text\" name=\"form_fields[name]\" id=\"form-field-name\" class=\"elementor-field elementor-size-md  elementor-field-textual\" placeholder=\"Votre Nom\">\n\t\t\t\t\t\t\t\t\t\t\t<\/div>\n\t\t\t\t\t\t\t\t<div class=\"elementor-field-type-email elementor-field-group elementor-column elementor-field-group-email elementor-col-100 elementor-field-required\">\n\t\t\t\t\t\t\t\t\t\t\t\t<label for=\"form-field-email\" class=\"elementor-field-label elementor-screen-only\">\n\t\t\t\t\t\t\t\tEmail\t\t\t\t\t\t\t<\/label>\n\t\t\t\t\t\t\t\t\t\t\t\t\t\t<input size=\"1\" type=\"email\" name=\"form_fields[email]\" id=\"form-field-email\" class=\"elementor-field elementor-size-md  elementor-field-textual\" placeholder=\"Courriel\" required=\"required\">\n\t\t\t\t\t\t\t\t\t\t\t<\/div>\n\t\t\t\t\t\t\t\t<div class=\"elementor-field-type-text elementor-field-group elementor-column elementor-field-group-field_1 elementor-col-100 elementor-field-required\">\n\t\t\t\t\t\t\t\t\t\t\t\t<label for=\"form-field-field_1\" class=\"elementor-field-label elementor-screen-only\">\n\t\t\t\t\t\t\t\tNum\u00e9ro de T\u00e9l\u00e9phone\t\t\t\t\t\t\t<\/label>\n\t\t\t\t\t\t\t\t\t\t\t\t\t\t<input size=\"1\" type=\"text\" name=\"form_fields[field_1]\" id=\"form-field-field_1\" class=\"elementor-field elementor-size-md  elementor-field-textual\" placeholder=\"Num\u00e9ro de T\u00e9l\u00e9phone\" required=\"required\">\n\t\t\t\t\t\t\t\t\t\t\t<\/div>\n\t\t\t\t\t\t\t\t<div class=\"elementor-field-type-select elementor-field-group elementor-column elementor-field-group-field_2 elementor-col-100\">\n\t\t\t\t\t\t\t\t\t\t\t\t<label for=\"form-field-field_2\" class=\"elementor-field-label elementor-screen-only\">\n\t\t\t\t\t\t\t\tType de service\t\t\t\t\t\t\t<\/label>\n\t\t\t\t\t\t\t\t<div class=\"elementor-field elementor-select-wrapper remove-before \">\n\t\t\t<div class=\"select-caret-down-wrapper\">\n\t\t\t\t<i aria-hidden=\"true\" class=\"eicon-caret-down\"><\/i>\t\t\t<\/div>\n\t\t\t<select name=\"form_fields[field_2]\" id=\"form-field-field_2\" class=\"elementor-field-textual elementor-size-md\">\n\t\t\t\t\t\t\t\t\t<option value=\"\u00c9valuation\">\u00c9valuation<\/option>\n\t\t\t\t\t\t\t\t\t<option value=\"Vente de Succession\">Vente de Succession<\/option>\n\t\t\t\t\t\t\t\t\t<option value=\"Vente de D\u00e9m\u00e9nagement\">Vente de D\u00e9m\u00e9nagement<\/option>\n\t\t\t\t\t\t\t\t\t<option value=\"Autre\">Autre<\/option>\n\t\t\t\t\t\t\t<\/select>\n\t\t<\/div>\n\t\t\t\t\t\t<\/div>\n\t\t\t\t\t\t\t\t<div class=\"elementor-field-type-textarea elementor-field-group elementor-column elementor-field-group-message elementor-col-100\">\n\t\t\t\t\t\t\t\t\t\t\t\t<label for=\"form-field-message\" class=\"elementor-field-label elementor-screen-only\">\n\t\t\t\t\t\t\t\tMessage\t\t\t\t\t\t\t<\/label>\n\t\t\t\t\t\t<textarea class=\"elementor-field-textual elementor-field  elementor-size-md\" name=\"form_fields[message]\" id=\"form-field-message\" rows=\"4\" placeholder=\"Message\"><\/textarea>\t\t\t\t<\/div>\n\t\t\t\t\t\t\t\t<div class=\"elementor-field-type-recaptcha_v3 elementor-field-group elementor-column elementor-field-group-field_dc78192 elementor-col-100 recaptcha_v3-inline\">\n\t\t\t\t\t<div class=\"elementor-field\" id=\"form-field-field_dc78192\"><div class=\"elementor-g-recaptcha\" data-sitekey=\"6LcQcLcpAAAAAD1R4DtYjnY6lNXK4w3tV4a5Af0D\" data-type=\"v3\" data-action=\"Form\" data-badge=\"inline\" data-size=\"invisible\"><\/div><\/div>\t\t\t\t<\/div>\n\t\t\t\t\t\t\t\t<div class=\"elementor-field-group elementor-column elementor-field-type-submit elementor-col-100 e-form__buttons\">\n\t\t\t\t\t<button class=\"elementor-button elementor-size-sm\" type=\"submit\">\n\t\t\t\t\t\t<span class=\"elementor-button-content-wrapper\">\n\t\t\t\t\t\t\t\t\t\t\t\t\t\t\t\t\t\t\t\t\t\t<span class=\"elementor-button-text\">Envoyer<\/span>\n\t\t\t\t\t\t\t\t\t\t\t\t\t<\/span>\n\t\t\t\t\t<\/button>\n\t\t\t\t<\/div>\n\t\t\t<\/div>\n\t\t<\/form>\n\t\t\t\t\t\t<\/div>\n\t\t\t\t<\/div>\n\t\t\t\t<\/div>\n\t\t\t\t<\/div>\n\t\t\t\t<\/div>\n\t\t\t\t<\/div>\n\t\t\t\t<\/div>\n\t\t","protected":false},"excerpt":{"rendered":"<p>Contactez Ronda Bly Abonnez-vous \u00e0 notre infolettre Si vous avez des questions sur nos services de vente de succession ou si vous souhaitez demander une consultation, n&#8217;h\u00e9sitez pas \u00e0 nous contacter. Vous pouvez soit remplir le formulaire ci-dessous ou nous appeler au (514) 236-4159. Un expert de notre \u00e9quipe se fera un plaisir de vous [&hellip;]<\/p>\n","protected":false},"author":2,"featured_media":0,"parent":0,"menu_order":0,"comment_status":"closed","ping_status":"closed","template":"","meta":{"_acf_changed":false,"_monsterinsights_skip_tracking":false,"_monsterinsights_sitenote_active":false,"_monsterinsights_sitenote_note":"","_monsterinsights_sitenote_category":0,"footnotes":""},"class_list":["post-60483","page","type-page","status-publish","hentry"],"acf":[],"yoast_head":"<!-- This site is optimized with the Yoast SEO Premium plugin v20.7 (Yoast SEO v27.2) - https:\/\/yoast.com\/product\/yoast-seo-premium-wordpress\/ -->\n<title>Contact | Ronda Bly Ventes de Succession et \u00c9valuations \u00e0 Montr\u00e9al<\/title>\n<meta name=\"description\" content=\"Vous voulez organiser une Vente de Succession ou une \u00c9valuation ? Veuillez nous appeler au (514) 236-4159.\" \/>\n<meta name=\"robots\" content=\"index, follow, max-snippet:-1, max-image-preview:large, max-video-preview:-1\" \/>\n<link rel=\"canonical\" href=\"https:\/\/rondably.com\/fr\/contact\/\" \/>\n<meta property=\"og:locale\" content=\"fr_FR\" \/>\n<meta property=\"og:type\" content=\"article\" \/>\n<meta property=\"og:title\" content=\"Contact\" \/>\n<meta property=\"og:description\" content=\"Vous voulez organiser une Vente de Succession ou une \u00c9valuation ? Veuillez nous appeler au (514) 236-4159.\" \/>\n<meta property=\"og:url\" content=\"https:\/\/rondably.com\/fr\/contact\/\" \/>\n<meta property=\"og:site_name\" content=\"Ronda Bly Montr\u00e9al Estate Sale &amp; Appraisals\" \/>\n<meta property=\"article:publisher\" content=\"https:\/\/www.facebook.com\/rondablyestatesales\" \/>\n<meta property=\"article:modified_time\" content=\"2024-04-11T18:01:27+00:00\" \/>\n<meta name=\"twitter:card\" content=\"summary_large_image\" \/>\n<meta name=\"twitter:site\" content=\"@rbestatesales\" \/>\n<meta name=\"twitter:label1\" content=\"Dur\u00e9e de lecture estim\u00e9e\" \/>\n\t<meta name=\"twitter:data1\" content=\"1 minute\" \/>\n<script type=\"application\/ld+json\" class=\"yoast-schema-graph\">{\"@context\":\"https:\/\/schema.org\",\"@graph\":[{\"@type\":\"WebPage\",\"@id\":\"https:\/\/rondably.com\/fr\/contact\/\",\"url\":\"https:\/\/rondably.com\/fr\/contact\/\",\"name\":\"Contact | Ronda Bly Ventes de Succession et \u00c9valuations \u00e0 Montr\u00e9al\",\"isPartOf\":{\"@id\":\"https:\/\/rondably.com\/fr\/#website\"},\"datePublished\":\"2019-08-30T22:02:11+00:00\",\"dateModified\":\"2024-04-11T18:01:27+00:00\",\"description\":\"Vous voulez organiser une Vente de Succession ou une \u00c9valuation ? Veuillez nous appeler au (514) 236-4159.\",\"breadcrumb\":{\"@id\":\"https:\/\/rondably.com\/fr\/contact\/#breadcrumb\"},\"inLanguage\":\"fr-FR\",\"potentialAction\":[{\"@type\":\"ReadAction\",\"target\":[\"https:\/\/rondably.com\/fr\/contact\/\"]}]},{\"@type\":\"BreadcrumbList\",\"@id\":\"https:\/\/rondably.com\/fr\/contact\/#breadcrumb\",\"itemListElement\":[{\"@type\":\"ListItem\",\"position\":1,\"name\":\"Home\",\"item\":\"https:\/\/rondably.com\/fr\/\"},{\"@type\":\"ListItem\",\"position\":2,\"name\":\"Contact\"}]},{\"@type\":\"WebSite\",\"@id\":\"https:\/\/rondably.com\/fr\/#website\",\"url\":\"https:\/\/rondably.com\/fr\/\",\"name\":\"Ronda Bly Montreal Estate Sale & Appraisals\",\"description\":\"Montreal Premier Estate Sales &amp; Appraisals Services\",\"publisher\":{\"@id\":\"https:\/\/rondably.com\/fr\/#organization\"},\"potentialAction\":[{\"@type\":\"SearchAction\",\"target\":{\"@type\":\"EntryPoint\",\"urlTemplate\":\"https:\/\/rondably.com\/fr\/?s={search_term_string}\"},\"query-input\":{\"@type\":\"PropertyValueSpecification\",\"valueRequired\":true,\"valueName\":\"search_term_string\"}}],\"inLanguage\":\"fr-FR\"},{\"@type\":\"Organization\",\"@id\":\"https:\/\/rondably.com\/fr\/#organization\",\"name\":\"Ronda Bly Montreal Estate Sale & Appraisals\",\"url\":\"https:\/\/rondably.com\/fr\/\",\"logo\":{\"@type\":\"ImageObject\",\"inLanguage\":\"fr-FR\",\"@id\":\"https:\/\/rondably.com\/fr\/#\/schema\/logo\/image\/\",\"url\":\"https:\/\/rondably.com\/wp-content\/uploads\/2023\/06\/rb-logo-black-jpeg.jpg\",\"contentUrl\":\"https:\/\/rondably.com\/wp-content\/uploads\/2023\/06\/rb-logo-black-jpeg.jpg\",\"width\":1200,\"height\":651,\"caption\":\"Ronda Bly Montreal Estate Sale & Appraisals\"},\"image\":{\"@id\":\"https:\/\/rondably.com\/fr\/#\/schema\/logo\/image\/\"},\"sameAs\":[\"https:\/\/www.facebook.com\/rondablyestatesales\",\"https:\/\/x.com\/rbestatesales\",\"https:\/\/www.instagram.com\/rbestatesales\/\"]}]}<\/script>\n<!-- \/ Yoast SEO Premium plugin. -->","yoast_head_json":{"title":"Contact | Ronda Bly Ventes de Succession et \u00c9valuations \u00e0 Montr\u00e9al","description":"Vous voulez organiser une Vente de Succession ou une \u00c9valuation ? Veuillez nous appeler au (514) 236-4159.","robots":{"index":"index","follow":"follow","max-snippet":"max-snippet:-1","max-image-preview":"max-image-preview:large","max-video-preview":"max-video-preview:-1"},"canonical":"https:\/\/rondably.com\/fr\/contact\/","og_locale":"fr_FR","og_type":"article","og_title":"Contact","og_description":"Vous voulez organiser une Vente de Succession ou une \u00c9valuation ? Veuillez nous appeler au (514) 236-4159.","og_url":"https:\/\/rondably.com\/fr\/contact\/","og_site_name":"Ronda Bly Montr\u00e9al Estate Sale &amp; Appraisals","article_publisher":"https:\/\/www.facebook.com\/rondablyestatesales","article_modified_time":"2024-04-11T18:01:27+00:00","twitter_card":"summary_large_image","twitter_site":"@rbestatesales","twitter_misc":{"Dur\u00e9e de lecture estim\u00e9e":"1 minute"},"schema":{"@context":"https:\/\/schema.org","@graph":[{"@type":"WebPage","@id":"https:\/\/rondably.com\/fr\/contact\/","url":"https:\/\/rondably.com\/fr\/contact\/","name":"Contact | Ronda Bly Ventes de Succession et \u00c9valuations \u00e0 Montr\u00e9al","isPartOf":{"@id":"https:\/\/rondably.com\/fr\/#website"},"datePublished":"2019-08-30T22:02:11+00:00","dateModified":"2024-04-11T18:01:27+00:00","description":"Vous voulez organiser une Vente de Succession ou une \u00c9valuation ? Veuillez nous appeler au (514) 236-4159.","breadcrumb":{"@id":"https:\/\/rondably.com\/fr\/contact\/#breadcrumb"},"inLanguage":"fr-FR","potentialAction":[{"@type":"ReadAction","target":["https:\/\/rondably.com\/fr\/contact\/"]}]},{"@type":"BreadcrumbList","@id":"https:\/\/rondably.com\/fr\/contact\/#breadcrumb","itemListElement":[{"@type":"ListItem","position":1,"name":"Home","item":"https:\/\/rondably.com\/fr\/"},{"@type":"ListItem","position":2,"name":"Contact"}]},{"@type":"WebSite","@id":"https:\/\/rondably.com\/fr\/#website","url":"https:\/\/rondably.com\/fr\/","name":"Ronda Bly Montreal Estate Sale & Appraisals","description":"Montreal Premier Estate Sales &amp; Appraisals Services","publisher":{"@id":"https:\/\/rondably.com\/fr\/#organization"},"potentialAction":[{"@type":"SearchAction","target":{"@type":"EntryPoint","urlTemplate":"https:\/\/rondably.com\/fr\/?s={search_term_string}"},"query-input":{"@type":"PropertyValueSpecification","valueRequired":true,"valueName":"search_term_string"}}],"inLanguage":"fr-FR"},{"@type":"Organization","@id":"https:\/\/rondably.com\/fr\/#organization","name":"Ronda Bly Montreal Estate Sale & Appraisals","url":"https:\/\/rondably.com\/fr\/","logo":{"@type":"ImageObject","inLanguage":"fr-FR","@id":"https:\/\/rondably.com\/fr\/#\/schema\/logo\/image\/","url":"https:\/\/rondably.com\/wp-content\/uploads\/2023\/06\/rb-logo-black-jpeg.jpg","contentUrl":"https:\/\/rondably.com\/wp-content\/uploads\/2023\/06\/rb-logo-black-jpeg.jpg","width":1200,"height":651,"caption":"Ronda Bly Montreal Estate Sale & Appraisals"},"image":{"@id":"https:\/\/rondably.com\/fr\/#\/schema\/logo\/image\/"},"sameAs":["https:\/\/www.facebook.com\/rondablyestatesales","https:\/\/x.com\/rbestatesales","https:\/\/www.instagram.com\/rbestatesales\/"]}]}},"_links":{"self":[{"href":"https:\/\/rondably.com\/fr\/wp-json\/wp\/v2\/pages\/60483","targetHints":{"allow":["GET"]}}],"collection":[{"href":"https:\/\/rondably.com\/fr\/wp-json\/wp\/v2\/pages"}],"about":[{"href":"https:\/\/rondably.com\/fr\/wp-json\/wp\/v2\/types\/page"}],"author":[{"embeddable":true,"href":"https:\/\/rondably.com\/fr\/wp-json\/wp\/v2\/users\/2"}],"replies":[{"embeddable":true,"href":"https:\/\/rondably.com\/fr\/wp-json\/wp\/v2\/comments?post=60483"}],"version-history":[{"count":12,"href":"https:\/\/rondably.com\/fr\/wp-json\/wp\/v2\/pages\/60483\/revisions"}],"predecessor-version":[{"id":69558,"href":"https:\/\/rondably.com\/fr\/wp-json\/wp\/v2\/pages\/60483\/revisions\/69558"}],"wp:attachment":[{"href":"https:\/\/rondably.com\/fr\/wp-json\/wp\/v2\/media?parent=60483"}],"curies":[{"name":"wp","href":"https:\/\/api.w.org\/{rel}","templated":true}]}}